{"id":8960,"date":"2023-04-08T11:26:25","date_gmt":"2023-04-08T08:26:25","guid":{"rendered":"https:\/\/bb-globalgroup.com\/?page_id=8960"},"modified":"2023-04-08T11:32:27","modified_gmt":"2023-04-08T08:32:27","slug":"impressum","status":"publish","type":"page","link":"https:\/\/bb-globalgroup.com\/?page_id=8960","title":{"rendered":"Impressum"},"content":{"rendered":"\t\t<div data-elementor-type=\"wp-page\" data-elementor-id=\"8960\" class=\"elementor elementor-8960\">\n\t\t\t\t\t\t\t\t\t<section class=\"wd-negative-gap elementor-section elementor-top-section elementor-element elementor-element-736bd21 elementor-section-boxed elementor-section-height-default elementor-section-height-default wd-section-disabled\" data-id=\"736bd21\" data-element_type=\"section\">\n\t\t\t\t\t\t<div class=\"elementor-container elementor-column-gap-default\">\n\t\t\t\t\t<div class=\"elementor-column elementor-col-100 elementor-top-column elementor-element elementor-element-53422fb\" data-id=\"53422fb\" data-element_type=\"column\">\n\t\t\t<div class=\"elementor-widget-wrap elementor-element-populated\">\n\t\t\t\t\t\t\t\t<div class=\"elementor-element elementor-element-d8346df elementor-widget elementor-widget-heading\" data-id=\"d8346df\" data-element_type=\"widget\" data-widget_type=\"heading.default\">\n\t\t\t\t<div class=\"elementor-widget-container\">\n\t\t\t<style>\/*! elementor - v3.12.0 - 29-03-2023 *\/\n.elementor-heading-title{padding:0;margin:0;line-height:1}.elementor-widget-heading .elementor-heading-title[class*=elementor-size-]>a{color:inherit;font-size:inherit;line-height:inherit}.elementor-widget-heading .elementor-heading-title.elementor-size-small{font-size:15px}.elementor-widget-heading .elementor-heading-title.elementor-size-medium{font-size:19px}.elementor-widget-heading .elementor-heading-title.elementor-size-large{font-size:29px}.elementor-widget-heading .elementor-heading-title.elementor-size-xl{font-size:39px}.elementor-widget-heading .elementor-heading-title.elementor-size-xxl{font-size:59px}<\/style><h2 class=\"elementor-heading-title elementor-size-default\">Impressum<\/h2>\t\t<\/div>\n\t\t\t\t<\/div>\n\t\t\t\t\t<\/div>\n\t\t<\/div>\n\t\t\t\t\t\t\t<\/div>\n\t\t<\/section>\n\t\t\t\t<section class=\"wd-negative-gap elementor-section elementor-top-section elementor-element elementor-element-25b1ca5 elementor-section-boxed elementor-section-height-default elementor-section-height-default wd-section-disabled\" data-id=\"25b1ca5\" data-element_type=\"section\">\n\t\t\t\t\t\t<div class=\"elementor-container elementor-column-gap-default\">\n\t\t\t\t\t<div class=\"elementor-column elementor-col-100 elementor-top-column elementor-element elementor-element-76aa5d6\" data-id=\"76aa5d6\" data-element_type=\"column\">\n\t\t\t<div class=\"elementor-widget-wrap elementor-element-populated\">\n\t\t\t\t\t\t\t\t<div class=\"elementor-element elementor-element-2b7a8fa color-scheme-inherit text-left elementor-widget elementor-widget-text-editor\" data-id=\"2b7a8fa\" data-element_type=\"widget\" data-widget_type=\"text-editor.default\">\n\t\t\t\t<div class=\"elementor-widget-container\">\n\t\t\t<style>\/*! elementor - v3.12.0 - 29-03-2023 *\/\n.elementor-widget-text-editor.elementor-drop-cap-view-stacked .elementor-drop-cap{background-color:#69727d;color:#fff}.elementor-widget-text-editor.elementor-drop-cap-view-framed .elementor-drop-cap{color:#69727d;border:3px solid;background-color:transparent}.elementor-widget-text-editor:not(.elementor-drop-cap-view-default) .elementor-drop-cap{margin-top:8px}.elementor-widget-text-editor:not(.elementor-drop-cap-view-default) .elementor-drop-cap-letter{width:1em;height:1em}.elementor-widget-text-editor .elementor-drop-cap{float:left;text-align:center;line-height:1;font-size:50px}.elementor-widget-text-editor .elementor-drop-cap-letter{display:inline-block}<\/style>\t\t\t\t<p>Diese Webseite ist die Informationspr\u00e4sentation der BB Global Group Ltd.\u015eti.<\/p><p>BB Global Group Ltd. St.<br \/>Atat\u00fcrk MAH. 31104 SOK. CANVAS HILL APT. NO:29\/4 MEZ\u0130TL\u0130 &#8211; MEZ\u0130TL\u0130 \/ MERSIN \/ T\u00fcrkiye.<br \/>E-Mail: info@bb-globalgroup.com<\/p><p>Sofern nicht anders angegeben, liegt das Urheberrecht an den auf dieser Website enthaltenen Informationen bei BB Global Group Ltd.\u015eti (in diesem Text als \u201eBB-GLOBAL\u201c zu verwenden).<\/p><p>Durch die Nutzung unserer Website stimmen Sie zu, diese Allgemeinen Gesch\u00e4ftsbedingungen zu lesen, zu verstehen und an sie gebunden zu sein.<\/p><p>Sie sind f\u00fcr die Nutzung dieser Website verantwortlich. BB-GLOBAL \u00fcbernimmt keine Verantwortung f\u00fcr die Richtigkeit der Informationen auf der Website. Alle auf der Website ver\u00f6ffentlichten Informationen werden \u201eWIE BESEHEN\u201c UND \u201eWIE VERF\u00dcGBAR\u201c ZUR VERF\u00dcGUNG GESTELLT. MIT DIESEN INFORMATIONEN GIBT ES KEINE GEW\u00c4HRLEISTUNG, WEDER AUSDR\u00dcCKLICH NOCH STILLSCHWEIGEND, EINSCHLIESSLICH, ABER NICHT BESCHR\u00c4NKT AUF DIE GEW\u00c4HRLEISTUNG DER NICHTVERLETZUNG VON RECHTEN DRITTER, DES EIGENTUMS, DER MARKTG\u00c4NGIGKEIT UND DER EIGNUNG F\u00dcR EINEN BESTIMMTEN ZWECK.<\/p><p>Dar\u00fcber hinaus kann BB-GLOBAL Hyperlinks oder Informationen zu Websites bereitstellen, die von Dritten verwaltet werden. Solche Links zu Websites Dritter dienen nur Ihrer Bequemlichkeit und Information. Der Inhalt der verlinkten Websites unterliegt nicht unserer Kontrolle, und wenn Sie auf eine solche Website zugreifen m\u00f6chten, liegt dies ausschlie\u00dflich in Ihrer Verantwortung. Die Tatsache, dass wir auf die Website eines Dritten verlinken, bedeutet nicht, dass wir eine solche Website ausdr\u00fccklich unterst\u00fctzen, autorisieren oder sponsern oder dass wir mit diesem Dritten eine kommerzielle Zusammenarbeit unterhalten.<\/p><p>Unter keinen Umst\u00e4nden haftet BB-GLOBAL f\u00fcr direkte, besondere, zuf\u00e4llige, strafrechtliche Sanktionen, indirekte oder Folgen, die sich aus der Nutzung oder dem Vertrauen auf die Informationen ergeben, die \u00fcber diese Website bereitgestellt oder zug\u00e4nglich gemacht werden, selbst wenn auf die M\u00f6glichkeit solcher Sch\u00e4den hingewiesen wurde haftet gegen\u00fcber niemandem f\u00fcr verursachte Sch\u00e4den, entgangenen Gewinn oder entgangenen Umsatz oder die Kosten f\u00fcr ersetzte Waren.<\/p><p>Die auf dieser Website ver\u00f6ffentlichten Informationen k\u00f6nnen ohne Vorank\u00fcndigung ge\u00e4ndert werden. Dar\u00fcber hinaus kann BB-GLOBAL jederzeit ohne Vorank\u00fcndigung Verbesserungen und\/oder \u00c4nderungen an den auf dieser Website beschriebenen Produkten und\/oder Programmen vornehmen. Die Erw\u00e4hnung von Produkten oder Dienstleistungen, die nicht von BB-GLOBAL stammen, dient nur zu Informationszwecken und stellt keine Billigung oder Empfehlung dar.<\/p><p>Abfrage und Nutzung personenbezogener Daten<br \/>Pers\u00f6nliche Informationen werden nur dann abgefragt, wenn Sie diese bestellen, zum Beispiel Brosch\u00fcren.<br \/>Die von Ihnen eingegebenen Daten werden mit Ihrer Einwilligung zum Zwecke der Werbung, Marktforschung und der Erbringung elektronischer Dienste genutzt.<\/p>\t\t\t\t\t\t<\/div>\n\t\t\t\t<\/div>\n\t\t\t\t\t<\/div>\n\t\t<\/div>\n\t\t\t\t\t\t\t<\/div>\n\t\t<\/section>\n\t\t\t\t\t\t\t<\/div>\n\t\t","protected":false},"excerpt":{"rendered":"<p>Impressum Diese Webseite ist die Informationspr\u00e4sentation der BB Global Group Ltd.\u015eti. BB Global Group Ltd. St.Atat\u00fcrk MAH. 31104 SOK. CANVAS<\/p>\n","protected":false},"author":1,"featured_media":0,"parent":0,"menu_order":0,"comment_status":"closed","ping_status":"closed","template":"elementor_header_footer","meta":[],"_links":{"self":[{"href":"https:\/\/bb-globalgroup.com\/index.php?rest_route=\/wp\/v2\/pages\/8960"}],"collection":[{"href":"https:\/\/bb-globalgroup.com\/index.php?rest_route=\/wp\/v2\/pages"}],"about":[{"href":"https:\/\/bb-globalgroup.com\/index.php?rest_route=\/wp\/v2\/types\/page"}],"author":[{"embeddable":true,"href":"https:\/\/bb-globalgroup.com\/index.php?rest_route=\/wp\/v2\/users\/1"}],"replies":[{"embeddable":true,"href":"https:\/\/bb-globalgroup.com\/index.php?rest_route=%2Fwp%2Fv2%2Fcomments&post=8960"}],"version-history":[{"count":18,"href":"https:\/\/bb-globalgroup.com\/index.php?rest_route=\/wp\/v2\/pages\/8960\/revisions"}],"predecessor-version":[{"id":8979,"href":"https:\/\/bb-globalgroup.com\/index.php?rest_route=\/wp\/v2\/pages\/8960\/revisions\/8979"}],"wp:attachment":[{"href":"https:\/\/bb-globalgroup.com\/index.php?rest_route=%2Fwp%2Fv2%2Fmedia&parent=8960"}],"curies":[{"name":"wp","href":"https:\/\/api.w.org\/{rel}","templated":true}]}}