{"id":8441,"date":"2023-01-31T22:01:57","date_gmt":"2023-01-31T19:01:57","guid":{"rendered":"https:\/\/bb-globalgroup.com\/?page_id=8441"},"modified":"2023-04-11T09:53:55","modified_gmt":"2023-04-11T06:53:55","slug":"bewerbung","status":"publish","type":"page","link":"https:\/\/bb-globalgroup.com\/?page_id=8441","title":{"rendered":"Bewerbung"},"content":{"rendered":"\t\t<div data-elementor-type=\"wp-page\" data-elementor-id=\"8441\" class=\"elementor elementor-8441\">\n\t\t\t\t\t\t\t\t\t<section class=\"wd-negative-gap elementor-section elementor-top-section elementor-element elementor-element-c87d0da elementor-section-boxed elementor-section-height-default elementor-section-height-default wd-section-disabled\" data-id=\"c87d0da\" data-element_type=\"section\">\n\t\t\t\t\t\t<div class=\"elementor-container elementor-column-gap-default\">\n\t\t\t\t\t<div class=\"elementor-column elementor-col-100 elementor-top-column elementor-element elementor-element-efc9d78\" data-id=\"efc9d78\" data-element_type=\"column\">\n\t\t\t<div class=\"elementor-widget-wrap elementor-element-populated\">\n\t\t\t\t\t\t\t\t<div class=\"elementor-element elementor-element-bbeb41f elementor-position-top elementor-vertical-align-top elementor-widget elementor-widget-image-box\" data-id=\"bbeb41f\" data-element_type=\"widget\" data-widget_type=\"image-box.default\">\n\t\t\t\t<div class=\"elementor-widget-container\">\n\t\t\t<style>\/*! elementor - v3.12.0 - 29-03-2023 *\/\n.elementor-widget-image-box .elementor-image-box-content{width:100%}@media (min-width:768px){.elementor-widget-image-box.elementor-position-left .elementor-image-box-wrapper,.elementor-widget-image-box.elementor-position-right .elementor-image-box-wrapper{display:flex}.elementor-widget-image-box.elementor-position-right .elementor-image-box-wrapper{text-align:right;flex-direction:row-reverse}.elementor-widget-image-box.elementor-position-left .elementor-image-box-wrapper{text-align:left;flex-direction:row}.elementor-widget-image-box.elementor-position-top .elementor-image-box-img{margin:auto}.elementor-widget-image-box.elementor-vertical-align-top .elementor-image-box-wrapper{align-items:flex-start}.elementor-widget-image-box.elementor-vertical-align-middle .elementor-image-box-wrapper{align-items:center}.elementor-widget-image-box.elementor-vertical-align-bottom .elementor-image-box-wrapper{align-items:flex-end}}@media (max-width:767px){.elementor-widget-image-box .elementor-image-box-img{margin-left:auto!important;margin-right:auto!important;margin-bottom:15px}}.elementor-widget-image-box .elementor-image-box-img{display:inline-block}.elementor-widget-image-box .elementor-image-box-title a{color:inherit}.elementor-widget-image-box .elementor-image-box-wrapper{text-align:center}.elementor-widget-image-box .elementor-image-box-description{margin:0}<\/style><div class=\"elementor-image-box-wrapper\"><figure class=\"elementor-image-box-img\"><img decoding=\"async\" width=\"1024\" height=\"369\" src=\"https:\/\/bb-globalgroup.com\/wp-content\/uploads\/2023\/02\/ik2-1024x369-1.jpg\" class=\"elementor-animation-bob attachment-2048x2048 size-2048x2048 wp-image-8505\" alt=\"\" loading=\"lazy\" srcset=\"https:\/\/bb-globalgroup.com\/wp-content\/uploads\/2023\/02\/ik2-1024x369-1.jpg 1024w, https:\/\/bb-globalgroup.com\/wp-content\/uploads\/2023\/02\/ik2-1024x369-1-400x144.jpg 400w, https:\/\/bb-globalgroup.com\/wp-content\/uploads\/2023\/02\/ik2-1024x369-1-768x277.jpg 768w\" sizes=\"(max-width: 1024px) 100vw, 1024px\" \/><\/figure><div class=\"elementor-image-box-content\"><h3 class=\"elementor-image-box-title\">Willst du mit uns arbeiten<\/h3><p class=\"elementor-image-box-description\">F\u00fcr ein angenehmes B\u00fcroumfeld, ein friedliches Miteinander und eine sch\u00f6ne Zukunft, kommen Sie in unser Team und erklimmen Sie hier die Karriereleiter.<\/p><\/div><\/div>\t\t<\/div>\n\t\t\t\t<\/div>\n\t\t\t\t\t<\/div>\n\t\t<\/div>\n\t\t\t\t\t\t\t<\/div>\n\t\t<\/section>\n\t\t\t\t<section class=\"wd-negative-gap elementor-section elementor-top-section elementor-element elementor-element-52e64b6 elementor-section-boxed elementor-section-height-default elementor-section-height-default wd-section-disabled\" data-id=\"52e64b6\" data-element_type=\"section\">\n\t\t\t\t\t\t<div class=\"elementor-container elementor-column-gap-default\">\n\t\t\t\t\t<div class=\"elementor-column elementor-col-100 elementor-top-column elementor-element elementor-element-c10ba53\" data-id=\"c10ba53\" data-element_type=\"column\">\n\t\t\t<div class=\"elementor-widget-wrap elementor-element-populated\">\n\t\t\t\t\t\t\t\t<div class=\"elementor-element elementor-element-3c322a3 color-scheme-inherit text-left elementor-widget elementor-widget-text-editor\" data-id=\"3c322a3\" data-element_type=\"widget\" data-widget_type=\"text-editor.default\">\n\t\t\t\t<div class=\"elementor-widget-container\">\n\t\t\t<style>\/*! elementor - v3.12.0 - 29-03-2023 *\/\n.elementor-widget-text-editor.elementor-drop-cap-view-stacked .elementor-drop-cap{background-color:#69727d;color:#fff}.elementor-widget-text-editor.elementor-drop-cap-view-framed .elementor-drop-cap{color:#69727d;border:3px solid;background-color:transparent}.elementor-widget-text-editor:not(.elementor-drop-cap-view-default) .elementor-drop-cap{margin-top:8px}.elementor-widget-text-editor:not(.elementor-drop-cap-view-default) .elementor-drop-cap-letter{width:1em;height:1em}.elementor-widget-text-editor .elementor-drop-cap{float:left;text-align:center;line-height:1;font-size:50px}.elementor-widget-text-editor .elementor-drop-cap-letter{display:inline-block}<\/style>\t\t\t\t<h5><strong>Sie k\u00f6nnen Karriere machen, indem Sie bei uns in mehr als 20 B\u00fcros in 5 L\u00e4ndern arbeiten.<\/strong><\/h5>\t\t\t\t\t\t<\/div>\n\t\t\t\t<\/div>\n\t\t\t\t\t<\/div>\n\t\t<\/div>\n\t\t\t\t\t\t\t<\/div>\n\t\t<\/section>\n\t\t\t\t<section class=\"wd-negative-gap elementor-section elementor-top-section elementor-element elementor-element-ca379ab elementor-section-boxed elementor-section-height-default elementor-section-height-default wd-section-disabled\" data-id=\"ca379ab\" data-element_type=\"section\">\n\t\t\t\t\t\t<div class=\"elementor-container elementor-column-gap-default\">\n\t\t\t\t\t<div class=\"elementor-column elementor-col-100 elementor-top-column elementor-element elementor-element-857f0dd\" data-id=\"857f0dd\" data-element_type=\"column\">\n\t\t\t<div class=\"elementor-widget-wrap elementor-element-populated\">\n\t\t\t\t\t\t\t\t<div class=\"elementor-element elementor-element-3f5828f elementor-widget elementor-widget-wpforms\" data-id=\"3f5828f\" data-element_type=\"widget\" data-widget_type=\"wpforms.default\">\n\t\t\t\t<div class=\"elementor-widget-container\">\n\t\t\t<div class=\"wpforms-container wpforms-container-full\" id=\"wpforms-8489\"><form id=\"wpforms-form-8489\" class=\"wpforms-validate wpforms-form wpforms-ajax-form\" data-formid=\"8489\" method=\"post\" enctype=\"multipart\/form-data\" action=\"\/index.php?rest_route=%2Fwp%2Fv2%2Fpages%2F8441&#038;wpforms_form_id=8489\" data-token=\"fbfefafcfc4bf18259cbeefebaae70e4\"><noscript class=\"wpforms-error-noscript\">Bu formu bitirebilmek i\u00e7in taray\u0131c\u0131n\u0131zda JavaScript&#039;i etkinle\u015ftirin.<\/noscript><div class=\"wpforms-field-container\"><div id=\"wpforms-8489-field_32-container\" class=\"wpforms-field wpforms-field-checkbox\" data-field-id=\"32\"><label class=\"wpforms-field-label wpforms-label-hide\" for=\"wpforms-8489-field_32\">Soru <span class=\"wpforms-required-label\">*<\/span><\/label><ul id=\"wpforms-8489-field_32\" class=\"wpforms-field-required\"><li class=\"choice-1 depth-1\"><input type=\"checkbox\" id=\"wpforms-8489-field_32_1\" name=\"wpforms[fields][32][]\" value=\"Sie Sprechen Deutsch?\" required ><label class=\"wpforms-field-label-inline\" for=\"wpforms-8489-field_32_1\">Sie Sprechen Deutsch?<\/label><\/li><\/ul><\/div><div id=\"wpforms-8489-field_0-container\" class=\"wpforms-field wpforms-field-name\" data-field-id=\"0\"><label class=\"wpforms-field-label wpforms-label-hide\" for=\"wpforms-8489-field_0\">Name <span class=\"wpforms-required-label\">*<\/span><\/label><div class=\"wpforms-field-row wpforms-field-medium\"><div class=\"wpforms-field-row-block wpforms-first wpforms-one-half\"><input type=\"text\" id=\"wpforms-8489-field_0\" class=\"wpforms-field-name-first wpforms-field-required\" name=\"wpforms[fields][0][first]\" placeholder=\"Name\" required><label for=\"wpforms-8489-field_0\" class=\"wpforms-field-sublabel after wpforms-sublabel-hide\">Ad<\/label><\/div><div class=\"wpforms-field-row-block wpforms-one-half\"><input type=\"text\" id=\"wpforms-8489-field_0-last\" class=\"wpforms-field-name-last wpforms-field-required\" name=\"wpforms[fields][0][last]\" placeholder=\"Familienname\" required><label for=\"wpforms-8489-field_0-last\" class=\"wpforms-field-sublabel after wpforms-sublabel-hide\">Soyad<\/label><\/div><\/div><\/div><div id=\"wpforms-8489-field_1-container\" class=\"wpforms-field wpforms-field-email\" data-field-id=\"1\"><label class=\"wpforms-field-label wpforms-label-hide\" for=\"wpforms-8489-field_1\">Email <span class=\"wpforms-required-label\">*<\/span><\/label><input type=\"email\" id=\"wpforms-8489-field_1\" class=\"wpforms-field-medium wpforms-field-required\" name=\"wpforms[fields][1]\" placeholder=\"E-Mail\" required><\/div><div id=\"wpforms-8489-field_8-container\" class=\"wpforms-field wpforms-field-phone\" data-field-id=\"8\"><label class=\"wpforms-field-label wpforms-label-hide\" for=\"wpforms-8489-field_8\">Phone <span class=\"wpforms-required-label\">*<\/span><\/label><input type=\"tel\" id=\"wpforms-8489-field_8\" class=\"wpforms-field-medium wpforms-field-required wpforms-smart-phone-field\" data-rule-smart-phone-field=\"true\" name=\"wpforms[fields][8]\" placeholder=\"Telefon\" required><\/div><div id=\"wpforms-8489-field_7-container\" class=\"wpforms-field wpforms-field-address\" data-field-id=\"7\"><label class=\"wpforms-field-label wpforms-label-hide\" for=\"wpforms-8489-field_7\">Address <span class=\"wpforms-required-label\">*<\/span><\/label><div class=\"wpforms-field-row wpforms-field-medium\"><div ><input type=\"text\" id=\"wpforms-8489-field_7\" class=\"wpforms-field-address-address1 wpforms-field-required\" name=\"wpforms[fields][7][address1]\" placeholder=\"Adresse\" required><label for=\"wpforms-8489-field_7\" class=\"wpforms-field-sublabel after wpforms-sublabel-hide\">Address Line 1<\/label><\/div><\/div><div class=\"wpforms-field-row wpforms-field-medium\"><div class=\"wpforms-field-row-block wpforms-one-half wpforms-first\"><input type=\"text\" id=\"wpforms-8489-field_7-city\" class=\"wpforms-field-address-city wpforms-field-required\" name=\"wpforms[fields][7][city]\" placeholder=\"Stadt\" required><label for=\"wpforms-8489-field_7-city\" class=\"wpforms-field-sublabel after wpforms-sublabel-hide\">City<\/label><\/div><div class=\"wpforms-field-row-block wpforms-one-half\"><input type=\"text\" id=\"wpforms-8489-field_7-state\" class=\"wpforms-field-address-state wpforms-field-required\" name=\"wpforms[fields][7][state]\" placeholder=\"Zustand\" required><label for=\"wpforms-8489-field_7-state\" class=\"wpforms-field-sublabel after wpforms-sublabel-hide\">State \/ Province \/ Region<\/label><\/div><\/div><div class=\"wpforms-field-row wpforms-field-medium\"><div class=\"wpforms-field-row-block wpforms-one-half wpforms-first\"><input type=\"text\" id=\"wpforms-8489-field_7-postal\" class=\"wpforms-field-address-postal wpforms-field-required\" name=\"wpforms[fields][7][postal]\" placeholder=\"Postleitzahl\" required><label for=\"wpforms-8489-field_7-postal\" class=\"wpforms-field-sublabel after wpforms-sublabel-hide\">Postal Code<\/label><\/div><\/div><\/div><div id=\"wpforms-8489-field_2-container\" class=\"wpforms-field wpforms-field-textarea\" data-field-id=\"2\"><label class=\"wpforms-field-label wpforms-label-hide\" for=\"wpforms-8489-field_2\">Comment or Message <span class=\"wpforms-required-label\">*<\/span><\/label><textarea id=\"wpforms-8489-field_2\" class=\"wpforms-field-medium wpforms-field-required\" name=\"wpforms[fields][2]\" placeholder=\"Stelle dich vor\" required><\/textarea><\/div><div id=\"wpforms-8489-field_5-container\" class=\"wpforms-field wpforms-field-file-upload\" data-field-id=\"5\"><label class=\"wpforms-field-label\" for=\"wpforms-8489-field_5\">Datei-Upload <span class=\"wpforms-required-label\">*<\/span><\/label><div\n\t\tclass=\"wpforms-uploader\"\n\t\tdata-field-id=\"5\"\n\t\tdata-form-id=\"8489\"\n\t\tdata-input-name=\"wpforms_8489_5\"\n\t\tdata-extensions=\"jpg,jpeg,jpe,gif,png,bmp,tiff,tif,webp,ico,heic,asf,asx,wmv,wmx,wm,avi,divx,mov,qt,mpeg,mpg,mpe,mp4,m4v,ogv,webm,mkv,3gp,3gpp,3g2,3gp2,txt,asc,c,cc,h,srt,csv,tsv,ics,rtx,css,vtt,mp3,m4a,m4b,aac,ra,ram,wav,ogg,oga,flac,mid,midi,wma,wax,mka,rtf,pdf,class,tar,zip,gz,gzip,rar,7z,psd,xcf,doc,pot,pps,ppt,wri,xla,xls,xlt,xlw,mpp,docx,docm,dotx,dotm,xlsx,xlsm,xlsb,xltx,xltm,xlam,pptx,pptm,ppsx,ppsm,potx,potm,ppam,sldx,sldm,onetoc,onetoc2,onepkg,oxps,xps,odt,odp,ods,odg,odc,odb,odf,wp,wpd,key,numbers,pages,svg,svgz,woff,woff2,ttf,eot\"\n\t\tdata-max-size=\"52428800\"\n\t\tdata-max-file-number=\"1\"\n\t\tdata-post-max-size=\"52428800\"\n\t\tdata-max-parallel-uploads=\"4\"\n\t\tdata-parallel-uploads=\"true\"\n\t\tdata-file-chunk-size=\"2097152\">\n\t<div class=\"dz-message\">\n\t\t<svg viewBox=\"0 0 1024 1024\" focusable=\"false\" data-icon=\"inbox\" width=\"50px\" height=\"50px\" fill=\"#b1b1b1\" aria-hidden=\"true\">\n\t\t\t<path d=\"M885.2 446.3l-.2-.8-112.2-285.1c-5-16.1-19.9-27.2-36.8-27.2H281.2c-17 0-32.1 11.3-36.9 27.6L139.4 443l-.3.7-.2.8c-1.3 4.9-1.7 9.9-1 14.8-.1 1.6-.2 3.2-.2 4.8V830a60.9 60.9 0 0 0 60.8 60.8h627.2c33.5 0 60.8-27.3 60.9-60.8V464.1c0-1.3 0-2.6-.1-3.7.4-4.9 0-9.6-1.3-14.1zm-295.8-43l-.3 15.7c-.8 44.9-31.8 75.1-77.1 75.1-22.1 0-41.1-7.1-54.8-20.6S436 441.2 435.6 419l-.3-15.7H229.5L309 210h399.2l81.7 193.3H589.4zm-375 76.8h157.3c24.3 57.1 76 90.8 140.4 90.8 33.7 0 65-9.4 90.3-27.2 22.2-15.6 39.5-37.4 50.7-63.6h156.5V814H214.4V480.1z\"><\/path>\n\t\t<\/svg>\n\t\t<span class=\"modern-title\">Click or drag a file to this area to upload.<\/span>\n\n\t\t\t<\/div>\n<\/div>\n<input\n\t\ttype=\"text\"\n\t\tautocomplete=\"off\"\n\t\tclass=\"dropzone-input\"\n\t\tstyle=\"position:absolute!important;clip:rect(0,0,0,0)!important;height:1px!important;width:1px!important;border:0!important;overflow:hidden!important;padding:0!important;margin:0!important;\"\n\t\tid=\"wpforms-8489-field_5\"\n\t\tname=\"wpforms_8489_5\" required\t\tvalue=\"\">\n<div class=\"wpforms-field-description\">Sie m\u00fcssen eine Sprachaufnahme oder Videonachricht auf Deutsch hinterlassen<\/div><\/div><\/div><div class=\"wpforms-submit-container\"><input type=\"hidden\" name=\"wpforms[id]\" value=\"8489\"><input type=\"hidden\" name=\"wpforms[author]\" value=\"1\"><button type=\"submit\" name=\"wpforms[submit]\" id=\"wpforms-submit-8489\" class=\"wpforms-submit\" data-alt-text=\"Sending...\" data-submit-text=\"Senden\" aria-live=\"assertive\" value=\"wpforms-submit\">Senden<\/button><img decoding=\"async\" loading=\"lazy\" src=\"https:\/\/bb-globalgroup.com\/wp-content\/plugins\/wpforms\/assets\/images\/submit-spin.svg\" class=\"wpforms-submit-spinner\" style=\"display: none;\" width=\"26\" height=\"26\" alt=\"Y\u00fckleniyor\"><\/div><\/form><\/div>  <!-- .wpforms-container -->\t\t<\/div>\n\t\t\t\t<\/div>\n\t\t\t\t\t<\/div>\n\t\t<\/div>\n\t\t\t\t\t\t\t<\/div>\n\t\t<\/section>\n\t\t\t\t<section class=\"wd-negative-gap elementor-section elementor-top-section elementor-element elementor-element-b292c5f wd-section-stretch elementor-section-content-middle elementor-section-boxed elementor-section-height-default elementor-section-height-default\" data-id=\"b292c5f\" data-element_type=\"section\" data-settings=\"{&quot;background_background&quot;:&quot;classic&quot;}\">\n\t\t\t\t\t\t<div class=\"elementor-container elementor-column-gap-default\">\n\t\t\t\t\t<div class=\"elementor-column elementor-col-100 elementor-top-column elementor-element elementor-element-5102c391\" data-id=\"5102c391\" data-element_type=\"column\">\n\t\t\t<div class=\"elementor-widget-wrap elementor-element-populated\">\n\t\t\t\t\t\t\t\t<div class=\"elementor-element elementor-element-370e67e elementor-widget__width-auto elementor-absolute elementor-widget elementor-widget-image\" data-id=\"370e67e\" data-element_type=\"widget\" data-settings=\"{&quot;_position&quot;:&quot;absolute&quot;}\" data-widget_type=\"image.default\">\n\t\t\t\t<div class=\"elementor-widget-container\">\n\t\t\t<style>\/*! elementor - v3.12.0 - 29-03-2023 *\/\n.elementor-widget-image{text-align:center}.elementor-widget-image a{display:inline-block}.elementor-widget-image a img[src$=\".svg\"]{width:48px}.elementor-widget-image img{vertical-align:middle;display:inline-block}<\/style>\t\t\t\t\t\t\t\t\t\t\t\t<img decoding=\"async\" src=\"https:\/\/bb-globalgroup.com\/wp-content\/uploads\/elementor\/thumbs\/alternative-energy-solar-panel-q1fa5j6fi2kux4k0pw2n3fag62s0gbbem75f39k8bc.png\" title=\"alternative-energy-solar-panel\" alt=\"alternative-energy-solar-panel\" loading=\"lazy\" \/>\t\t\t\t\t\t\t\t\t\t\t\t\t\t\t<\/div>\n\t\t\t\t<\/div>\n\t\t\t\t<div class=\"elementor-element elementor-element-4ac45c02 elementor-widget elementor-widget-wd_title\" data-id=\"4ac45c02\" data-element_type=\"widget\" data-widget_type=\"wd_title.default\">\n\t\t\t\t<div class=\"elementor-widget-container\">\n\t\t\t\t\t\t<link rel=\"stylesheet\" id=\"wd-section-title-css\" href=\"https:\/\/bb-globalgroup.com\/wp-content\/themes\/woodmart\/css\/parts\/el-section-title.min.css?ver=7.0.4\" type=\"text\/css\" media=\"all\" \/> \t\t\t\t\t<div class=\"title-wrapper set-mb-s reset-last-child wd-title-color-default wd-title-style-default wd-title-size-default text-left\">\n\n\t\t\t\n\t\t\t<div class=\"liner-continer\">\n\t\t\t\t<h4 class=\"woodmart-title-container title wd-fontsize-l\"><strong>Unsere<\/strong> Partner<\/h4> \n\t\t\t\t\t\t\t<\/div>\n\n\t\t\t\t\t\t\t<div class=\"title-after_title set-cont-mb-s reset-last-child wd-fontsize-xs\">\n\t\t\t\t\t<p>Unsere wertvollen Gesch\u00e4ftspartner, die mit unserem Service zufrieden sind und st\u00e4ndig mit uns zusammenarbeiten.<\/p>\t\t\t\t<\/div>\n\t\t\t\t\t<\/div>\n\t\t\t\t<\/div>\n\t\t\t\t<\/div>\n\t\t\t\t<div class=\"elementor-element elementor-element-33db8462 elementor-widget elementor-widget-image\" data-id=\"33db8462\" data-element_type=\"widget\" data-widget_type=\"image.default\">\n\t\t\t\t<div class=\"elementor-widget-container\">\n\t\t\t\t\t\t\t\t\t\t\t\t\t\t\t<img decoding=\"async\" width=\"1145\" height=\"478\" src=\"https:\/\/bb-globalgroup.com\/wp-content\/uploads\/2023\/04\/Energieversorger.jpg\" class=\"attachment-full size-full wp-image-8985\" alt=\"\" loading=\"lazy\" srcset=\"https:\/\/bb-globalgroup.com\/wp-content\/uploads\/2023\/04\/Energieversorger.jpg 1145w, https:\/\/bb-globalgroup.com\/wp-content\/uploads\/2023\/04\/Energieversorger-400x167.jpg 400w, https:\/\/bb-globalgroup.com\/wp-content\/uploads\/2023\/04\/Energieversorger-768x321.jpg 768w\" sizes=\"(max-width: 1145px) 100vw, 1145px\" \/>\t\t\t\t\t\t\t\t\t\t\t\t\t\t\t<\/div>\n\t\t\t\t<\/div>\n\t\t\t\t<div class=\"elementor-element elementor-element-48ecda5 elementor-hidden-desktop elementor-hidden-tablet elementor-hidden-mobile elementor-widget elementor-widget-wd_images_gallery\" data-id=\"48ecda5\" data-element_type=\"widget\" data-widget_type=\"wd_images_gallery.default\">\n\t\t\t\t<div class=\"elementor-widget-container\">\n\t\t\t\t\t\t<link rel=\"stylesheet\" id=\"wd-image-gallery-css\" href=\"https:\/\/bb-globalgroup.com\/wp-content\/themes\/woodmart\/css\/parts\/el-gallery.min.css?ver=7.0.4\" type=\"text\/css\" media=\"all\" \/> \t\t\t\t\t<div class=\"wd-images-gallery wd-justify-left wd-items-middle view-grid\" >\n\t\t\t<div class=\"gallery-images row wd-spacing-30\">\n\t\t\t\t\t\t\t\t\t\t\t\t\t\t<div class=\"wd-gallery-item  col-lg-20_0 col-md-3 col-6\">\n\t\t\t\t\t\t\n\t\t\t\t\t\t<img decoding=\"async\" src=\"https:\/\/bb-globalgroup.com\/wp-content\/uploads\/2021\/10\/alternative-energy-brand-1.png\"alt=\"alternative-energy-brand-1\">\n\t\t\t\t\t\t\t\t\t\t\t<\/div>\n\t\t\t\t\t\t\t\t\t\t\t\t\t\t\t<div class=\"wd-gallery-item  col-lg-20_0 col-md-3 col-6\">\n\t\t\t\t\t\t\n\t\t\t\t\t\t<img decoding=\"async\" src=\"https:\/\/bb-globalgroup.com\/wp-content\/uploads\/2021\/10\/alternative-energy-brand-2.png\"alt=\"alternative-energy-brand-2\">\n\t\t\t\t\t\t\t\t\t\t\t<\/div>\n\t\t\t\t\t\t\t\t\t\t\t\t\t\t\t<div class=\"wd-gallery-item  col-lg-20_0 col-md-3 col-6\">\n\t\t\t\t\t\t\n\t\t\t\t\t\t<img decoding=\"async\" src=\"https:\/\/bb-globalgroup.com\/wp-content\/uploads\/2021\/10\/alternative-energy-brand-3.png\"alt=\"alternative-energy-brand-3\">\n\t\t\t\t\t\t\t\t\t\t\t<\/div>\n\t\t\t\t\t\t\t\t\t\t\t\t\t\t\t<div class=\"wd-gallery-item  col-lg-20_0 col-md-3 col-6\">\n\t\t\t\t\t\t\n\t\t\t\t\t\t<img decoding=\"async\" src=\"https:\/\/bb-globalgroup.com\/wp-content\/uploads\/2021\/10\/alternative-energy-brand-4.png\"alt=\"alternative-energy-brand-4\">\n\t\t\t\t\t\t\t\t\t\t\t<\/div>\n\t\t\t\t\t\t\t\t\t\t\t\t\t\t\t<div class=\"wd-gallery-item  col-lg-20_0 col-md-3 col-6\">\n\t\t\t\t\t\t\n\t\t\t\t\t\t<img decoding=\"async\" src=\"https:\/\/bb-globalgroup.com\/wp-content\/uploads\/2021\/10\/alternative-energy-brand-5.png\"alt=\"alternative-energy-brand-5\">\n\t\t\t\t\t\t\t\t\t\t\t<\/div>\n\t\t\t\t\t\t\t\t\t\t\t\t\t\t\t<div class=\"wd-gallery-item  col-lg-20_0 col-md-3 col-6\">\n\t\t\t\t\t\t\n\t\t\t\t\t\t<img decoding=\"async\" src=\"https:\/\/bb-globalgroup.com\/wp-content\/uploads\/2021\/10\/alternative-energy-brand-6.png\"alt=\"alternative-energy-brand-6\">\n\t\t\t\t\t\t\t\t\t\t\t<\/div>\n\t\t\t\t\t\t\t\t\t\t\t\t\t\t\t<div class=\"wd-gallery-item  col-lg-20_0 col-md-3 col-6\">\n\t\t\t\t\t\t\n\t\t\t\t\t\t<img decoding=\"async\" src=\"https:\/\/bb-globalgroup.com\/wp-content\/uploads\/2021\/10\/alternative-energy-brand-7.png\"alt=\"alternative-energy-brand-7\">\n\t\t\t\t\t\t\t\t\t\t\t<\/div>\n\t\t\t\t\t\t\t\t\t\t\t\t\t\t\t<div class=\"wd-gallery-item  col-lg-20_0 col-md-3 col-6\">\n\t\t\t\t\t\t\n\t\t\t\t\t\t<img decoding=\"async\" src=\"https:\/\/bb-globalgroup.com\/wp-content\/uploads\/2021\/10\/alternative-energy-brand-8.png\"alt=\"alternative-energy-brand-8\">\n\t\t\t\t\t\t\t\t\t\t\t<\/div>\n\t\t\t\t\t\t\t\t\t\t\t\t\t\t\t<div class=\"wd-gallery-item  col-lg-20_0 col-md-3 col-6\">\n\t\t\t\t\t\t\n\t\t\t\t\t\t<img decoding=\"async\" src=\"https:\/\/bb-globalgroup.com\/wp-content\/uploads\/2021\/10\/alternative-energy-brand-9.png\"alt=\"alternative-energy-brand-9\">\n\t\t\t\t\t\t\t\t\t\t\t<\/div>\n\t\t\t\t\t\t\t\t\t\t\t\t\t\t\t<div class=\"wd-gallery-item  col-lg-20_0 col-md-3 col-6\">\n\t\t\t\t\t\t\n\t\t\t\t\t\t<img decoding=\"async\" src=\"https:\/\/bb-globalgroup.com\/wp-content\/uploads\/2021\/10\/alternative-energy-brand-10.png\"alt=\"alternative-energy-brand-10\">\n\t\t\t\t\t\t\t\t\t\t\t<\/div>\n\t\t\t\t\t\t\t\t\t\t\t\t\t\t\t<div class=\"wd-gallery-item  col-lg-20_0 col-md-3 col-6\">\n\t\t\t\t\t\t\n\t\t\t\t\t\t<img decoding=\"async\" src=\"https:\/\/bb-globalgroup.com\/wp-content\/uploads\/2021\/10\/alternative-energy-brand-11.png\"alt=\"alternative-energy-brand-11\">\n\t\t\t\t\t\t\t\t\t\t\t<\/div>\n\t\t\t\t\t\t\t\t\t\t\t\t\t\t\t<div class=\"wd-gallery-item  col-lg-20_0 col-md-3 col-6\">\n\t\t\t\t\t\t\n\t\t\t\t\t\t<img decoding=\"async\" src=\"https:\/\/bb-globalgroup.com\/wp-content\/uploads\/2021\/10\/alternative-energy-brand-12.png\"alt=\"alternative-energy-brand-12\">\n\t\t\t\t\t\t\t\t\t\t\t<\/div>\n\t\t\t\t\t\t\t\t\t\t\t\t\t\t\t<div class=\"wd-gallery-item  col-lg-20_0 col-md-3 col-6\">\n\t\t\t\t\t\t\n\t\t\t\t\t\t<img decoding=\"async\" src=\"https:\/\/bb-globalgroup.com\/wp-content\/uploads\/2021\/10\/alternative-energy-brand-13.png\"alt=\"alternative-energy-brand-13\">\n\t\t\t\t\t\t\t\t\t\t\t<\/div>\n\t\t\t\t\t\t\t\t\t\t\t\t\t\t\t<div class=\"wd-gallery-item  col-lg-20_0 col-md-3 col-6\">\n\t\t\t\t\t\t\n\t\t\t\t\t\t<img decoding=\"async\" src=\"https:\/\/bb-globalgroup.com\/wp-content\/uploads\/2021\/10\/alternative-energy-brand-14.png\"alt=\"alternative-energy-brand-14\">\n\t\t\t\t\t\t\t\t\t\t\t<\/div>\n\t\t\t\t\t\t\t\t\t\t\t\t\t\t\t<div class=\"wd-gallery-item  col-lg-20_0 col-md-3 col-6\">\n\t\t\t\t\t\t\n\t\t\t\t\t\t<img decoding=\"async\" src=\"https:\/\/bb-globalgroup.com\/wp-content\/uploads\/2021\/10\/alternative-energy-brand-15.png\"alt=\"alternative-energy-brand-15\">\n\t\t\t\t\t\t\t\t\t\t\t<\/div>\n\t\t\t\t\t\t\t\t<\/div>\n\t\t<\/div>\n\t\t\t\t<\/div>\n\t\t\t\t<\/div>\n\t\t\t\t\t<\/div>\n\t\t<\/div>\n\t\t\t\t\t\t\t<\/div>\n\t\t<\/section>\n\t\t\t\t\t\t\t<\/div>\n\t\t","protected":false},"excerpt":{"rendered":"<p>Willst du mit uns arbeiten F\u00fcr ein angenehmes B\u00fcroumfeld, ein friedliches Miteinander und eine sch\u00f6ne Zukunft, kommen Sie in unser<\/p>\n","protected":false},"author":1,"featured_media":0,"parent":0,"menu_order":0,"comment_status":"closed","ping_status":"closed","template":"elementor_header_footer","meta":[],"_links":{"self":[{"href":"https:\/\/bb-globalgroup.com\/index.php?rest_route=\/wp\/v2\/pages\/8441"}],"collection":[{"href":"https:\/\/bb-globalgroup.com\/index.php?rest_route=\/wp\/v2\/pages"}],"about":[{"href":"https:\/\/bb-globalgroup.com\/index.php?rest_route=\/wp\/v2\/types\/page"}],"author":[{"embeddable":true,"href":"https:\/\/bb-globalgroup.com\/index.php?rest_route=\/wp\/v2\/users\/1"}],"replies":[{"embeddable":true,"href":"https:\/\/bb-globalgroup.com\/index.php?rest_route=%2Fwp%2Fv2%2Fcomments&post=8441"}],"version-history":[{"count":30,"href":"https:\/\/bb-globalgroup.com\/index.php?rest_route=\/wp\/v2\/pages\/8441\/revisions"}],"predecessor-version":[{"id":9024,"href":"https:\/\/bb-globalgroup.com\/index.php?rest_route=\/wp\/v2\/pages\/8441\/revisions\/9024"}],"wp:attachment":[{"href":"https:\/\/bb-globalgroup.com\/index.php?rest_route=%2Fwp%2Fv2%2Fmedia&parent=8441"}],"curies":[{"name":"wp","href":"https:\/\/api.w.org\/{rel}","templated":true}]}}